{"id":206,"date":"2015-07-14T14:50:10","date_gmt":"2015-07-14T14:50:10","guid":{"rendered":"http:\/\/test.kriesi.at\/minimal-portfolio\/?page_id=9"},"modified":"2022-10-28T16:37:54","modified_gmt":"2022-10-28T16:37:54","slug":"home","status":"publish","type":"page","link":"https:\/\/achterfeld-kosmetik.de\/","title":{"rendered":"Home"},"content":{"rendered":"<\/div><\/div><\/div><!-- close content main div --><\/div><\/div><div id='full_slider_1' class='avia-fullwidth-slider main_color avia-shadow  container_wrap fullsize'   ><div  data-size='no scaling'  data-lightbox_size='large'  data-animation='fade'  data-ids='806,494'  data-video_counter='0'  data-autoplay='false'  data-bg_slider='false'  data-slide_height=''  data-handle='av_slideshow_full'  data-interval='5'  data-class=' '  data-css_id=''  data-scroll_down=''  data-control_layout='av-control-minimal'  data-custom_markup=''  data-perma_caption=''  data-autoplay_stopper=''  data-image_attachment=''  data-min_height=''  data-src=''  data-position='top left'  data-repeat='no-repeat'  data-attach='scroll'  data-stretch=''  class='avia-slideshow avia-slideshow-1  av-control-minimal av-default-height-applied avia-slideshow-no scaling av_slideshow_full   avia-fade-slider '  itemscope=\"itemscope\" itemtype=\"https:\/\/schema.org\/ImageObject\" ><ul class='avia-slideshow-inner' style='padding-bottom: 66.417910447761%;'><li  class=' slide-1 ' ><div data-rel='slideshow-1' class='avia-slide-wrap'  ><img src='https:\/\/achterfeld-kosmetik.de\/wp-content\/uploads\/2017\/11\/DSC0029.jpg' width='4288' height='2848' title='_DSC0029' alt=''  itemprop=\"contentURL\"   \/><\/div><\/li><li  class=' slide-2 ' ><div data-rel='slideshow-1' class='avia-slide-wrap'  ><img src='https:\/\/achterfeld-kosmetik.de\/wp-content\/uploads\/2015\/07\/Unbenannt-2.jpg' width='1500' height='720' title='Helga Achterfeld Kosmetik' alt=''  itemprop=\"contentURL\"   \/><\/div><\/li><\/ul><div class='avia-slideshow-arrows avia-slideshow-controls'><a href='#prev' class='prev-slide' aria-hidden='true' data-av_icon='\ue87c' data-av_iconfont='entypo-fontello'>Zur\u00fcck<\/a><a href='#next' class='next-slide' aria-hidden='true' data-av_icon='\ue87d' data-av_iconfont='entypo-fontello'>Weiter<\/a><\/div><div class='avia-slideshow-dots avia-slideshow-controls'><a href='#1' class='goto-slide active' >1<\/a><a href='#2' class='goto-slide ' >2<\/a><\/div><\/div><\/div>\n<\/div><\/div><\/div><!-- close content main div --><\/div><\/div><div id='av_section_1' class='avia-section main_color avia-section-default avia-no-border-styling avia-bg-style-scroll  container_wrap fullsize'   ><div class='container' ><div class='template-page content  av-content-full alpha units'><div class='post-entry post-entry-type-page post-entry-206'><div class='entry-content-wrapper clearfix'>\n<div style='padding-bottom:20px;font-size:40px;' class='av-special-heading av-special-heading-h1  blockquote modern-quote modern-centered   av-inherit-size'><h1 class='av-special-heading-tag'  itemprop=\"headline\"  >Kosmetik f\u00fcr Haut und Herz &#8211;<br \/>\n<\/h1><div class ='av-subheading av-subheading_below ' style='font-size:15px;'><p>Jeder Mensch hat seinen Zauber.<\/p>\n<\/div><div class='special-heading-border'><div class='special-heading-inner-border' ><\/div><\/div><\/div>\n<div class=\"flex_column av_one_fifth  flex_column_div av-zero-column-padding first  \" style='border-radius:0px; '><\/div><div class=\"flex_column av_three_fifth  av-animated-generic bottom-to-top  flex_column_div av-zero-column-padding   \" style='border-radius:0px; '><section class=\"av_textblock_section\"  itemscope=\"itemscope\" itemtype=\"https:\/\/schema.org\/CreativeWork\" ><div class='avia_textblock '   itemprop=\"text\" ><div class=\"page\" title=\"Page 2\">\n<div class=\"section\">\n<div class=\"layoutArea\">\n<div class=\"column\">\n<p style=\"text-align: center;\">Diese Sch\u00f6nheit zu pflegen, zu erhalten und hervorzuheben, das ist mein Herzblut.<\/p>\n<p style=\"text-align: center;\">Als ausgebildete Fachkosmetikerin und Visagistin sorge ich in privater Atmosph\u00e4re daf\u00fcr, dass Sie sehen, was ich sehe. Ihre Haut wird strahlen und Ihre Augen auch!<\/p>\n<\/div>\n<\/div>\n<\/div>\n<\/div>\n<\/div><\/section><br \/>\n<div style=' margin-top:50px; margin-bottom:70px;'  class='hr hr-custom hr-center hr-icon-yes '><span class='hr-inner   inner-border-av-border-thin' style=' width:90px;' ><span class='hr-inner-style'><\/span><\/span><span class='av-seperator-icon' style='color:#003d78;' aria-hidden='true' data-av_icon='\ue8b8' data-av_iconfont='entypo-fontello'><\/span><span class='hr-inner   inner-border-av-border-thin' style=' width:90px;' ><span class='hr-inner-style'><\/span><\/span><\/div><\/p><\/div><div class=\"flex_column av_one_fifth  flex_column_div av-zero-column-padding   \" style='border-radius:0px; '><\/div><div class=\"flex_column av_one_third  av-animated-generic bottom-to-top  flex_column_div av-zero-column-padding first  \" style='border-radius:0px; '><p><div class='avia-image-container  av-styling-no-styling av-hover-grow  avia-align- '  itemscope=\"itemscope\" itemtype=\"https:\/\/schema.org\/ImageObject\"  ><div class='avia-image-container-inner'><a href='https:\/\/achterfeld-kosmetik.de\/?page_id=342' class='avia_image'  ><img class='avia_image ' src='https:\/\/achterfeld-kosmetik.de\/wp-content\/uploads\/2015\/07\/Unbenannt-3-495x400.jpg' alt='' title='Helga Achterfeld Kosmetik'  itemprop=\"contentURL\"  \/><\/a><\/div><\/div><br \/>\n<div style='padding-bottom:10px;' class='av-special-heading av-special-heading-h2  blockquote modern-quote  '><h2 class='av-special-heading-tag'  itemprop=\"headline\"  >Microdermabrasion<\/h2><div class='special-heading-border'><div class='special-heading-inner-border' ><\/div><\/div><\/div><br \/>\n<section class=\"av_textblock_section\"  itemscope=\"itemscope\" itemtype=\"https:\/\/schema.org\/CreativeWork\" ><div class='avia_textblock '   itemprop=\"text\" ><p>Narben, Sonnensch\u00e4den, grobe Poren, Unebenheiten und Falten werden durch Fruchts\u00e4ure-Sch\u00e4lung und Schleifen erfolgreich gemildert.<\/p>\n<p style=\"text-align: left;\"><a href=\"http:\/\/achterfeld-kosmetik.de\/?page_id=342\">Mehr Informationen<\/a><\/p>\n<\/div><\/section><\/p><\/div><div class=\"flex_column av_one_third  av-animated-generic bottom-to-top  flex_column_div av-zero-column-padding   \" style='border-radius:0px; '><p><div class='avia-image-container  av-styling-no-styling av-hover-grow  avia-align-center '  itemscope=\"itemscope\" itemtype=\"https:\/\/schema.org\/ImageObject\"  ><div class='avia-image-container-inner'><a href='https:\/\/achterfeld-kosmetik.de\/?page_id=342' class='avia_image'  ><img class='avia_image ' src='https:\/\/achterfeld-kosmetik.de\/wp-content\/uploads\/2015\/07\/DSC0122-845x684.jpg' alt='' title='Helga Achterfeld Kosmetik'  itemprop=\"contentURL\"  \/><\/a><\/div><\/div><br \/>\n<div style='padding-bottom:10px;' class='av-special-heading av-special-heading-h2  blockquote modern-quote  '><h2 class='av-special-heading-tag'  itemprop=\"headline\"  >Anti-Aging <\/h2><div class='special-heading-border'><div class='special-heading-inner-border' ><\/div><\/div><\/div><br \/>\n<section class=\"av_textblock_section\"  itemscope=\"itemscope\" itemtype=\"https:\/\/schema.org\/CreativeWork\" ><div class='avia_textblock '   itemprop=\"text\" ><p>Der Begriff Anti-Aging ist eine Bezeichnung f\u00fcr Ma\u00dfnahmen, die zum Ziel haben, das biologische Altern des Menschen hinauszuz\u00f6gern. Durch unterschiedliche Behandlungsm\u00f6glichkeiten, wie z.B. das Einarbeiten von Hyaloronpr\u00e4paraten.<\/p>\n<p style=\"text-align: left;\"><a href=\"http:\/\/achterfeld-kosmetik.de\/?page_id=342\">Mehr Informationen<\/a><\/p>\n<\/div><\/section><\/p><\/div><div class=\"flex_column av_one_third  av-animated-generic bottom-to-top  flex_column_div av-zero-column-padding   \" style='border-radius:0px; '><p><div class='avia-image-container  av-styling-no-styling av-hover-grow  avia-align-center '  itemscope=\"itemscope\" itemtype=\"https:\/\/schema.org\/ImageObject\"  ><div class='avia-image-container-inner'><a href='https:\/\/achterfeld-kosmetik.de\/?page_id=342' class='avia_image'  ><img class='avia_image ' src='https:\/\/achterfeld-kosmetik.de\/wp-content\/uploads\/2017\/11\/DSC0076-845x684.jpg' alt='' title='_DSC0076'  itemprop=\"contentURL\"  \/><\/a><\/div><\/div><br \/>\n<div style='padding-bottom:10px;' class='av-special-heading av-special-heading-h2  blockquote modern-quote  '><h2 class='av-special-heading-tag'  itemprop=\"headline\"  >Make-up<\/h2><div class='special-heading-border'><div class='special-heading-inner-border' ><\/div><\/div><\/div><br \/>\n<section class=\"av_textblock_section\"  itemscope=\"itemscope\" itemtype=\"https:\/\/schema.org\/CreativeWork\" ><div class='avia_textblock '   itemprop=\"text\" ><p>Individuelles Make-up zu verschiedenen Anl\u00e4ssen, sowie speziell ausgerichtete Beratung und Services nach Chemotherapie f\u00fcr Krebspatienten.<\/p>\n<p style=\"text-align: left;\"><a href=\"http:\/\/achterfeld-kosmetik.de\/?page_id=342\">Mehr Informationen<\/a><\/p>\n<\/div><\/section><\/p><\/div><div style=' margin-top:70px; margin-bottom:50px;'  class='hr hr-custom hr-center hr-icon-yes '><span class='hr-inner   inner-border-av-border-thin' style=' width:90px;' ><span class='hr-inner-style'><\/span><\/span><span class='av-seperator-icon' style='color:#003d78;' aria-hidden='true' data-av_icon='\ue8b8' data-av_iconfont='entypo-fontello'><\/span><span class='hr-inner   inner-border-av-border-thin' style=' width:90px;' ><span class='hr-inner-style'><\/span><\/span><\/div>\n\n<\/div><\/div><\/div><!-- close content main div --><\/div><\/div><div id='av_section_2' class='avia-section main_color avia-section-small avia-no-border-styling avia-bg-style-scroll  container_wrap fullsize'   ><div class='container' ><div class='template-page content  av-content-full alpha units'><div class='post-entry post-entry-type-page post-entry-206'><div class='entry-content-wrapper clearfix'>\n<div class=\"flex_column av_two_fifth  av-animated-generic bottom-to-top  flex_column_div av-zero-column-padding first  \" style='border-radius:0px; '><div class='avia-image-container  av-styling-no-styling   avia-align-center '  itemscope=\"itemscope\" itemtype=\"https:\/\/schema.org\/ImageObject\"  ><div class='avia-image-container-inner'><img class='avia_image ' src='https:\/\/achterfeld-kosmetik.de\/wp-content\/uploads\/2015\/07\/Unbenannt-4-300x300.jpg' alt='' title='Helga Achterfeld Kosmetik'   itemprop=\"contentURL\"  \/><\/div><\/div><\/div><div class=\"flex_column av_three_fifth  av-animated-generic bottom-to-top  flex_column_div av-zero-column-padding   \" style='border-radius:0px; '><p><div style='padding-bottom:10px;font-size:40px;' class='av-special-heading av-special-heading-h1  blockquote modern-quote   av-inherit-size'><h1 class='av-special-heading-tag'  itemprop=\"headline\"  >\u00dcber mich<\/h1><div class='special-heading-border'><div class='special-heading-inner-border' ><\/div><\/div><\/div><br \/>\n<section class=\"av_textblock_section\"  itemscope=\"itemscope\" itemtype=\"https:\/\/schema.org\/CreativeWork\" ><div class='avia_textblock '   itemprop=\"text\" ><div class=\"csc-header csc-header-n1\">\n<p class=\"csc-firstHeader\"><strong>Sch\u00f6nheit ist ein gro\u00dfes Feld<\/strong><\/p>\n<\/div>\n<p>Und jeder Mensch hat seinen eigenen Glanz &#8211; ihn\u00a0zu erkennen, zu erfrischen und zu erhalten ist meine Kunst. Als staatlich gepr\u00fcfte Fachkosmetikerin vor der Handwerkskammer Hamburg,\u00a0widme ich mich meinem Fachgebiet seit \u00fcber 30 Jahren\u00a0mit Leidenschaft und entdecke immer wieder Neues und Spannendes.<\/p>\n<p><strong>&#8222;Jeder Mensch tr\u00e4gt einen Zauber im Gesicht\u201c<\/strong><br \/>\n<strong> Friedrich Hebbel<\/strong><\/p>\n<p>Lassen Sie sich von mir in eine luxuri\u00f6se, freundliche, wohltuende Atmosph\u00e4re entf\u00fchren und verw\u00f6hnen. G\u00f6nnen Sie sich Spezialbehandlungen nach neuestem Standard, die optimal auf Ihren Hautzustand abgestimmt sind.<\/p>\n<\/div><\/section><\/p><\/div><div style='height:80px' class='hr hr-invisible '><span class='hr-inner ' ><span class='hr-inner-style'><\/span><\/span><\/div>\n<div id='av-masonry-1' class='av-masonry noHover av-flex-size av-large-gap av-hover-overlay-active av-masonry-col-3 av-caption-always av-caption-style- av-masonry-gallery  '  ><div class='av-masonry-container isotope av-js-disabled ' ><div class='av-masonry-entry isotope-item av-masonry-item-no-image '><\/div><a href=\"https:\/\/achterfeld-kosmetik.de\/wp-content\/uploads\/2015\/07\/DSC0065-684x1030.jpg\" id='av-masonry-1-item-537' data-av-masonry-item='537' class='av-masonry-entry isotope-item post-537 attachment type-attachment status-inherit hentry  av-masonry-item-with-image' title=\"\"  itemprop=\"contentURL\" ><div class='av-inner-masonry-sizer'><\/div><figure class='av-inner-masonry main_color'><div class=\"av-masonry-outerimage-container\"><div class=\"av-masonry-image-container\" style=\"background-image: url(https:\/\/achterfeld-kosmetik.de\/wp-content\/uploads\/2015\/07\/DSC0065-468x705.jpg);\"><img src=\"https:\/\/achterfeld-kosmetik.de\/wp-content\/uploads\/2015\/07\/DSC0065-468x705.jpg\" title=\"Helga Achterfeld Kosmetik\" alt=\"\" \/><\/div><\/div><\/figure><\/a><!--end av-masonry entry--><a href=\"https:\/\/achterfeld-kosmetik.de\/wp-content\/uploads\/2017\/11\/DSC0142-684x1030.jpg\" id='av-masonry-1-item-804' data-av-masonry-item='804' class='av-masonry-entry isotope-item post-804 attachment type-attachment status-inherit hentry  av-masonry-item-with-image' title=\"\"  itemprop=\"contentURL\" ><div class='av-inner-masonry-sizer'><\/div><figure class='av-inner-masonry main_color'><div class=\"av-masonry-outerimage-container\"><div class=\"av-masonry-image-container\" style=\"background-image: url(https:\/\/achterfeld-kosmetik.de\/wp-content\/uploads\/2017\/11\/DSC0142-468x705.jpg);\"><img src=\"https:\/\/achterfeld-kosmetik.de\/wp-content\/uploads\/2017\/11\/DSC0142-468x705.jpg\" title=\"_DSC0142\" alt=\"\" \/><\/div><\/div><\/figure><\/a><!--end av-masonry entry--><a href=\"https:\/\/achterfeld-kosmetik.de\/wp-content\/uploads\/2017\/11\/DSC0076-1030x684.jpg\" id='av-masonry-1-item-805' data-av-masonry-item='805' class='av-masonry-entry isotope-item post-805 attachment type-attachment status-inherit hentry  av-masonry-item-with-image' title=\"\"  itemprop=\"contentURL\" ><div class='av-inner-masonry-sizer'><\/div><figure class='av-inner-masonry main_color'><div class=\"av-masonry-outerimage-container\"><div class=\"av-masonry-image-container\" style=\"background-image: url(https:\/\/achterfeld-kosmetik.de\/wp-content\/uploads\/2017\/11\/DSC0076-705x468.jpg);\"><img src=\"https:\/\/achterfeld-kosmetik.de\/wp-content\/uploads\/2017\/11\/DSC0076-705x468.jpg\" title=\"_DSC0076\" alt=\"\" \/><\/div><\/div><\/figure><\/a><!--end av-masonry entry--><a href=\"https:\/\/achterfeld-kosmetik.de\/wp-content\/uploads\/2015\/07\/DSC0122-684x1030.jpg\" id='av-masonry-1-item-533' data-av-masonry-item='533' class='av-masonry-entry isotope-item post-533 attachment type-attachment status-inherit hentry  av-masonry-item-with-image' title=\"\"  itemprop=\"contentURL\" ><div class='av-inner-masonry-sizer'><\/div><figure class='av-inner-masonry main_color'><div class=\"av-masonry-outerimage-container\"><div class=\"av-masonry-image-container\" style=\"background-image: url(https:\/\/achterfeld-kosmetik.de\/wp-content\/uploads\/2015\/07\/DSC0122-468x705.jpg);\"><img src=\"https:\/\/achterfeld-kosmetik.de\/wp-content\/uploads\/2015\/07\/DSC0122-468x705.jpg\" title=\"Helga Achterfeld Kosmetik\" alt=\"\" \/><\/div><\/div><\/figure><\/a><!--end av-masonry entry--><a href=\"https:\/\/achterfeld-kosmetik.de\/wp-content\/uploads\/2015\/07\/DSC0060_V01-1030x684.jpg\" id='av-masonry-1-item-539' data-av-masonry-item='539' class='av-masonry-entry isotope-item post-539 attachment type-attachment status-inherit hentry  av-masonry-item-with-image' title=\"\"  itemprop=\"contentURL\" ><div class='av-inner-masonry-sizer'><\/div><figure class='av-inner-masonry main_color'><div class=\"av-masonry-outerimage-container\"><div class=\"av-masonry-image-container\" style=\"background-image: url(https:\/\/achterfeld-kosmetik.de\/wp-content\/uploads\/2015\/07\/DSC0060_V01-705x468.jpg);\"><img src=\"https:\/\/achterfeld-kosmetik.de\/wp-content\/uploads\/2015\/07\/DSC0060_V01-705x468.jpg\" title=\"Helga Achterfeld Kosmetik\" alt=\"\" \/><\/div><\/div><\/figure><\/a><!--end av-masonry entry--><a href=\"https:\/\/achterfeld-kosmetik.de\/wp-content\/uploads\/2017\/07\/acht-Logo_RGB_Favicon.png\" id='av-masonry-1-item-671' data-av-masonry-item='671' class='av-masonry-entry isotope-item post-671 attachment type-attachment status-inherit hentry  av-masonry-item-with-image' title=\"\"  itemprop=\"contentURL\" ><div class='av-inner-masonry-sizer'><\/div><figure class='av-inner-masonry main_color'><div class=\"av-masonry-outerimage-container\"><div class=\"av-masonry-image-container\" style=\"background-image: url(https:\/\/achterfeld-kosmetik.de\/wp-content\/uploads\/2017\/07\/acht-Logo_RGB_Favicon.png);\"><img src=\"https:\/\/achterfeld-kosmetik.de\/wp-content\/uploads\/2017\/07\/acht-Logo_RGB_Favicon.png\" title=\"Helga Achterfeld Kosmetik Logo\" alt=\"\" \/><\/div><\/div><\/figure><\/a><!--end av-masonry entry--><\/div><\/div>\n\n<\/div><\/div><\/div><!-- close content main div --><\/div><\/div><div id='av_section_3' class='avia-section main_color avia-section-huge avia-no-border-styling avia-bg-style-scroll  container_wrap fullsize' style = 'background-color: #fcfcfc; background-color: #fcfcfc; '  ><div class='container' ><div class='template-page content  av-content-full alpha units'><div class='post-entry post-entry-type-page post-entry-206'><div class='entry-content-wrapper clearfix'>\n<div style='padding-bottom:10px;font-size:25px;' class='av-special-heading av-special-heading-h1  blockquote modern-quote modern-centered   av-inherit-size'><h1 class='av-special-heading-tag'  itemprop=\"headline\"  >Was meine Patienten sagen<\/h1><div class='special-heading-border'><div class='special-heading-inner-border' ><\/div><\/div><\/div>\n<div  data-autoplay='1'  data-interval='5'  data-animation='fade'  data-hoverpause='1'  class='avia-testimonial-wrapper avia-slider-testimonials avia-slider-2-testimonials avia_animate_when_almost_visible  av-large-testimonial-slider'>\n<section class ='avia-testimonial-row'><div class='avia-testimonial av_one_half flex_column no_margin avia-testimonial-row-1 avia-first-testimonial'  itemscope=\"itemscope\" itemtype=\"https:\/\/schema.org\/Person\" ><div class='avia-testimonial_inner'><div class='avia-testimonial-content '    itemscope=\"itemscope\" itemtype=\"https:\/\/schema.org\/CreativeWork\" ><p>Vielen Dank f\u00fcr die kompetente\u00a0Beratung, ich habe mich sehr wohl gef\u00fchlt und komme gerne wieder!<\/p>\n<\/div><div class='avia-testimonial-meta'><div class='avia-testimonial-arrow-wrap'><div class='avia-arrow'><\/div><\/div><div class='avia-testimonial-meta-mini'><strong  class='avia-testimonial-name'    itemprop=\"name\" >Brigitte N.<\/strong><span  class='avia-testimonial-subtitle '    itemprop=\"jobTitle\" >Bankangestellte <\/span><\/div><\/div><\/div><\/div>\n<div class='avia-testimonial av_one_half flex_column no_margin avia-testimonial-row-1 '  itemscope=\"itemscope\" itemtype=\"https:\/\/schema.org\/Person\" ><div class='avia-testimonial_inner'><div class='avia-testimonial-content '    itemscope=\"itemscope\" itemtype=\"https:\/\/schema.org\/CreativeWork\" ><p>Dank der Fruchts\u00e4ure-Behandlung f\u00fchlt sich meine Haut wie neu an.<\/p>\n<\/div><div class='avia-testimonial-meta'><div class='avia-testimonial-arrow-wrap'><div class='avia-arrow'><\/div><\/div><div class='avia-testimonial-meta-mini'><strong  class='avia-testimonial-name'    itemprop=\"name\" >Martin K.<\/strong><span  class='avia-testimonial-subtitle '    itemprop=\"jobTitle\" >Student<\/span><\/div><\/div><\/div><\/div>\n<div class='avia-testimonial av_one_half flex_column no_margin avia-testimonial-row-1 '  itemscope=\"itemscope\" itemtype=\"https:\/\/schema.org\/Person\" ><div class='avia-testimonial_inner'><div class='avia-testimonial-content '    itemscope=\"itemscope\" itemtype=\"https:\/\/schema.org\/CreativeWork\" ><div>Meine Neurodermitis hat sich nach Ihrer professionellen Hilfe und\u00a0Produktempfehlungen deutlich verbessert.<\/div>\n<\/div><div class='avia-testimonial-meta'><div class='avia-testimonial-arrow-wrap'><div class='avia-arrow'><\/div><\/div><div class='avia-testimonial-meta-mini'><strong  class='avia-testimonial-name'    itemprop=\"name\" >Norbert D.<\/strong><span  class='avia-testimonial-subtitle '    itemprop=\"jobTitle\" >Manager<\/span><\/div><\/div><\/div><\/div>\n<\/section><div class='avia-slideshow-arrows avia-slideshow-controls' ><a href='#prev' class='prev-slide' aria-hidden='true' data-av_icon='\ue87c' data-av_iconfont='entypo-fontello'>Zur\u00fcck<\/a><a href='#next' class='next-slide' aria-hidden='true' data-av_icon='\ue87d' data-av_iconfont='entypo-fontello'>Weiter<\/a><\/div><\/div>\n\n","protected":false},"excerpt":{"rendered":"","protected":false},"author":1,"featured_media":0,"parent":0,"menu_order":0,"comment_status":"open","ping_status":"closed","template":"","meta":[],"yoast_head":"<!-- This site is optimized with the Yoast SEO plugin v19.13 - https:\/\/yoast.com\/wordpress\/plugins\/seo\/ -->\n<title>Kosmetik f\u00fcr Haut und Herz \u2013 Helga Achterfeld Kosmetik in Hamburg<\/title>\n<meta name=\"description\" content=\"Jeder Mensch hat seinen Zauber. Diese Sch\u00f6nheit zu pflegen, zu erhalten und hervorzuheben, das ist mein Herzblut. Auf zu sch\u00f6ner Haut!\" \/>\n<meta name=\"robots\" content=\"index, follow, max-snippet:-1, max-image-preview:large, max-video-preview:-1\" \/>\n<link rel=\"canonical\" href=\"https:\/\/achterfeld-kosmetik.de\/\" \/>\n<meta property=\"og:locale\" content=\"de_DE\" \/>\n<meta property=\"og:type\" content=\"article\" \/>\n<meta property=\"og:title\" content=\"Kosmetik f\u00fcr Haut und Herz \u2013 Helga Achterfeld Kosmetik in Hamburg\" \/>\n<meta property=\"og:description\" content=\"Jeder Mensch hat seinen Zauber. Diese Sch\u00f6nheit zu pflegen, zu erhalten und hervorzuheben, das ist mein Herzblut. Auf zu sch\u00f6ner Haut!\" \/>\n<meta property=\"og:url\" content=\"https:\/\/achterfeld-kosmetik.de\/\" \/>\n<meta property=\"og:site_name\" content=\"Helga Achterfeld\" \/>\n<meta property=\"article:modified_time\" content=\"2022-10-28T16:37:54+00:00\" \/>\n<meta name=\"twitter:card\" content=\"summary_large_image\" \/>\n<meta name=\"twitter:label1\" content=\"Gesch\u00e4tzte Lesezeit\" \/>\n\t<meta name=\"twitter:data1\" content=\"9\u00a0Minuten\" \/>\n<script type=\"application\/ld+json\" class=\"yoast-schema-graph\">{\"@context\":\"https:\/\/schema.org\",\"@graph\":[{\"@type\":\"WebPage\",\"@id\":\"https:\/\/achterfeld-kosmetik.de\/\",\"url\":\"https:\/\/achterfeld-kosmetik.de\/\",\"name\":\"Kosmetik f\u00fcr Haut und Herz \u2013 Helga Achterfeld Kosmetik in Hamburg\",\"isPartOf\":{\"@id\":\"https:\/\/achterfeld-kosmetik.de\/#website\"},\"datePublished\":\"2015-07-14T14:50:10+00:00\",\"dateModified\":\"2022-10-28T16:37:54+00:00\",\"description\":\"Jeder Mensch hat seinen Zauber. Diese Sch\u00f6nheit zu pflegen, zu erhalten und hervorzuheben, das ist mein Herzblut. Auf zu sch\u00f6ner Haut!\",\"breadcrumb\":{\"@id\":\"https:\/\/achterfeld-kosmetik.de\/#breadcrumb\"},\"inLanguage\":\"de\",\"potentialAction\":[{\"@type\":\"ReadAction\",\"target\":[\"https:\/\/achterfeld-kosmetik.de\/\"]}]},{\"@type\":\"BreadcrumbList\",\"@id\":\"https:\/\/achterfeld-kosmetik.de\/#breadcrumb\",\"itemListElement\":[{\"@type\":\"ListItem\",\"position\":1,\"name\":\"Startseite\",\"item\":\"https:\/\/achterfeld-kosmetik.de\/\"},{\"@type\":\"ListItem\",\"position\":2,\"name\":\"Home\"}]},{\"@type\":\"WebSite\",\"@id\":\"https:\/\/achterfeld-kosmetik.de\/#website\",\"url\":\"https:\/\/achterfeld-kosmetik.de\/\",\"name\":\"Helga Achterfeld\",\"description\":\"Fachkosmetik\",\"potentialAction\":[{\"@type\":\"SearchAction\",\"target\":{\"@type\":\"EntryPoint\",\"urlTemplate\":\"https:\/\/achterfeld-kosmetik.de\/?s={search_term_string}\"},\"query-input\":\"required name=search_term_string\"}],\"inLanguage\":\"de\"}]}<\/script>\n<!-- \/ Yoast SEO plugin. -->","yoast_head_json":{"title":"Kosmetik f\u00fcr Haut und Herz \u2013 Helga Achterfeld Kosmetik in Hamburg","description":"Jeder Mensch hat seinen Zauber. Diese Sch\u00f6nheit zu pflegen, zu erhalten und hervorzuheben, das ist mein Herzblut. Auf zu sch\u00f6ner Haut!","robots":{"index":"index","follow":"follow","max-snippet":"max-snippet:-1","max-image-preview":"max-image-preview:large","max-video-preview":"max-video-preview:-1"},"canonical":"https:\/\/achterfeld-kosmetik.de\/","og_locale":"de_DE","og_type":"article","og_title":"Kosmetik f\u00fcr Haut und Herz \u2013 Helga Achterfeld Kosmetik in Hamburg","og_description":"Jeder Mensch hat seinen Zauber. Diese Sch\u00f6nheit zu pflegen, zu erhalten und hervorzuheben, das ist mein Herzblut. Auf zu sch\u00f6ner Haut!","og_url":"https:\/\/achterfeld-kosmetik.de\/","og_site_name":"Helga Achterfeld","article_modified_time":"2022-10-28T16:37:54+00:00","twitter_card":"summary_large_image","twitter_misc":{"Gesch\u00e4tzte Lesezeit":"9\u00a0Minuten"},"schema":{"@context":"https:\/\/schema.org","@graph":[{"@type":"WebPage","@id":"https:\/\/achterfeld-kosmetik.de\/","url":"https:\/\/achterfeld-kosmetik.de\/","name":"Kosmetik f\u00fcr Haut und Herz \u2013 Helga Achterfeld Kosmetik in Hamburg","isPartOf":{"@id":"https:\/\/achterfeld-kosmetik.de\/#website"},"datePublished":"2015-07-14T14:50:10+00:00","dateModified":"2022-10-28T16:37:54+00:00","description":"Jeder Mensch hat seinen Zauber. Diese Sch\u00f6nheit zu pflegen, zu erhalten und hervorzuheben, das ist mein Herzblut. Auf zu sch\u00f6ner Haut!","breadcrumb":{"@id":"https:\/\/achterfeld-kosmetik.de\/#breadcrumb"},"inLanguage":"de","potentialAction":[{"@type":"ReadAction","target":["https:\/\/achterfeld-kosmetik.de\/"]}]},{"@type":"BreadcrumbList","@id":"https:\/\/achterfeld-kosmetik.de\/#breadcrumb","itemListElement":[{"@type":"ListItem","position":1,"name":"Startseite","item":"https:\/\/achterfeld-kosmetik.de\/"},{"@type":"ListItem","position":2,"name":"Home"}]},{"@type":"WebSite","@id":"https:\/\/achterfeld-kosmetik.de\/#website","url":"https:\/\/achterfeld-kosmetik.de\/","name":"Helga Achterfeld","description":"Fachkosmetik","potentialAction":[{"@type":"SearchAction","target":{"@type":"EntryPoint","urlTemplate":"https:\/\/achterfeld-kosmetik.de\/?s={search_term_string}"},"query-input":"required name=search_term_string"}],"inLanguage":"de"}]}},"_links":{"self":[{"href":"https:\/\/achterfeld-kosmetik.de\/index.php?rest_route=\/wp\/v2\/pages\/206"}],"collection":[{"href":"https:\/\/achterfeld-kosmetik.de\/index.php?rest_route=\/wp\/v2\/pages"}],"about":[{"href":"https:\/\/achterfeld-kosmetik.de\/index.php?rest_route=\/wp\/v2\/types\/page"}],"author":[{"embeddable":true,"href":"https:\/\/achterfeld-kosmetik.de\/index.php?rest_route=\/wp\/v2\/users\/1"}],"replies":[{"embeddable":true,"href":"https:\/\/achterfeld-kosmetik.de\/index.php?rest_route=%2Fwp%2Fv2%2Fcomments&post=206"}],"version-history":[{"count":94,"href":"https:\/\/achterfeld-kosmetik.de\/index.php?rest_route=\/wp\/v2\/pages\/206\/revisions"}],"predecessor-version":[{"id":829,"href":"https:\/\/achterfeld-kosmetik.de\/index.php?rest_route=\/wp\/v2\/pages\/206\/revisions\/829"}],"wp:attachment":[{"href":"https:\/\/achterfeld-kosmetik.de\/index.php?rest_route=%2Fwp%2Fv2%2Fmedia&parent=206"}],"curies":[{"name":"wp","href":"https:\/\/api.w.org\/{rel}","templated":true}]}}